{"id":69,"date":"2025-06-17T11:40:26","date_gmt":"2025-06-17T09:40:26","guid":{"rendered":"https:\/\/cos.usthb.dz\/cosdev\/?page_id=69"},"modified":"2025-07-01T12:01:24","modified_gmt":"2025-07-01T10:01:24","slug":"imprimerie","status":"publish","type":"page","link":"https:\/\/cos.usthb.dz\/?page_id=69","title":{"rendered":"Documents \u00e0 t\u00e9l\u00e9charger"},"content":{"rendered":"\n<figure class=\"wp-block-image size-full is-resized\"><img loading=\"lazy\" decoding=\"async\" width=\"500\" height=\"320\" src=\"https:\/\/cos.usthb.dz\/wp-content\/uploads\/2025\/06\/doc.jpg\" alt=\"\" class=\"wp-image-107\" style=\"object-fit:cover;width:480px;height:330px\" srcset=\"https:\/\/cos.usthb.dz\/wp-content\/uploads\/2025\/06\/doc.jpg 500w, https:\/\/cos.usthb.dz\/wp-content\/uploads\/2025\/06\/doc-300x192.jpg 300w\" sizes=\"auto, (max-width: 500px) 100vw, 500px\" \/><\/figure>\n\n\n\n<p><a href=\"https:\/\/cos.usthb.dz\/wp-admin\/post.php?post=69&amp;action=edit\" data-type=\"link\" data-id=\"https:\/\/cos.usthb.dz\/wp-admin\/post.php?post=69&amp;action=edit\">Documents \u00e0 t\u00e9l\u00e9charger<\/a><\/p>\n\n\n\n<p class=\"has-blue-color has-text-color has-normal-font-size\"><\/p>\n\n\n\n<p class=\"has-normal-font-size\"><a href=\"http:\/\/193.194.89.185\/cos\/wp-content\/uploads\/2025\/02\/Accuse_Fr_Ar.pdf\" data-type=\"URL\" data-id=\"http:\/\/193.194.89.185\/cos\/wp-content\/uploads\/2025\/02\/Accuse_Fr_Ar.pdf\">Accuse_Fr_Arr<\/a><\/p>\n\n\n\n<p class=\"has-normal-font-size\"><a href=\"https:\/\/cos.usthb.dz\/wp-content\/uploads\/2023\/07\/Imprimes_Vacances_2023-1-2.pdf\"><\/a>I<a href=\"http:\/\/193.194.89.185\/cos\/wp-content\/uploads\/2025\/02\/Imprime_Aide_Sociale-1.pdf\" data-type=\"URL\" data-id=\"http:\/\/193.194.89.185\/cos\/wp-content\/uploads\/2025\/02\/Imprime_Aide_Sociale-1.pdf\">mprime_Aide_Sociale-1<\/a><\/p>\n\n\n\n<p class=\"has-normal-font-size\"><a href=\"http:\/\/193.194.89.185\/cos\/wp-content\/uploads\/2025\/02\/Pret_Social_COS_USTHB_2023-1.pdf\" data-type=\"URL\" data-id=\"http:\/\/193.194.89.185\/cos\/wp-content\/uploads\/2025\/02\/Pret_Social_COS_USTHB_2023-1.pdf\">Pret_Social_COS_USTHB_2023.pdf<\/a><\/p>\n\n\n\n<p class=\"has-normal-font-size\"><a href=\"http:\/\/193.194.89.185\/cos\/wp-content\/uploads\/2025\/02\/Imprimes_Vacances_2023-1.pdf\" data-type=\"URL\" data-id=\"http:\/\/193.194.89.185\/cos\/wp-content\/uploads\/2025\/02\/Imprimes_Vacances_2023-1.pdf\">Imprimes_Vacances_2023-1.pdf<\/a><\/p>\n\n\n\n<p class=\"has-normal-font-size\"><\/p>\n","protected":false},"excerpt":{"rendered":"<p>Documents \u00e0 t\u00e9l\u00e9charger Accuse_Fr_Arr Imprime_Aide_Sociale-1 Pret_Social_COS_USTHB_2023.pdf Imprimes_Vacances_2023-1.pdf<\/p>\n","protected":false},"author":1,"featured_media":0,"parent":0,"menu_order":0,"comment_status":"closed","ping_status":"closed","template":"","meta":{"footnotes":""},"class_list":["post-69","page","type-page","status-publish","hentry"],"_links":{"self":[{"href":"https:\/\/cos.usthb.dz\/index.php?rest_route=\/wp\/v2\/pages\/69","targetHints":{"allow":["GET"]}}],"collection":[{"href":"https:\/\/cos.usthb.dz\/index.php?rest_route=\/wp\/v2\/pages"}],"about":[{"href":"https:\/\/cos.usthb.dz\/index.php?rest_route=\/wp\/v2\/types\/page"}],"author":[{"embeddable":true,"href":"https:\/\/cos.usthb.dz\/index.php?rest_route=\/wp\/v2\/users\/1"}],"replies":[{"embeddable":true,"href":"https:\/\/cos.usthb.dz\/index.php?rest_route=%2Fwp%2Fv2%2Fcomments&post=69"}],"version-history":[{"count":7,"href":"https:\/\/cos.usthb.dz\/index.php?rest_route=\/wp\/v2\/pages\/69\/revisions"}],"predecessor-version":[{"id":247,"href":"https:\/\/cos.usthb.dz\/index.php?rest_route=\/wp\/v2\/pages\/69\/revisions\/247"}],"wp:attachment":[{"href":"https:\/\/cos.usthb.dz\/index.php?rest_route=%2Fwp%2Fv2%2Fmedia&parent=69"}],"curies":[{"name":"wp","href":"https:\/\/api.w.org\/{rel}","templated":true}]}}